{"id":7,"date":"2025-01-28T14:23:06","date_gmt":"2025-01-28T13:23:06","guid":{"rendered":"https:\/\/publicengagement.berlin\/?page_id=7"},"modified":"2025-05-29T14:16:16","modified_gmt":"2025-05-29T12:16:16","slug":"home","status":"publish","type":"page","link":"https:\/\/publicengagement.berlin\/de\/","title":{"rendered":"Startseite"},"content":{"rendered":"\t\t<div data-elementor-type=\"wp-post\" data-elementor-id=\"7\" class=\"elementor elementor-7\" data-elementor-post-type=\"page\">\n\t\t\t\t<div class=\"elementor-element elementor-element-71db515 e-flex e-con-boxed e-con e-parent\" data-id=\"71db515\" data-element_type=\"container\" data-e-type=\"container\">\n\t\t\t\t\t<div class=\"e-con-inner\">\n\t\t\t\t<div class=\"elementor-element elementor-element-0f7ff91 elementor-widget__width-initial elementor-widget-widescreen__width-initial elementor-widget-tablet_extra__width-initial elementor-widget elementor-widget-heading\" data-id=\"0f7ff91\" data-element_type=\"widget\" data-e-type=\"widget\" data-widget_type=\"heading.default\">\n\t\t\t\t<div class=\"elementor-widget-container\">\n\t\t\t\t\t<h1 class=\"elementor-heading-title elementor-size-default\">We Connect <span class='green-italic'>People<\/span><br>\nand <span class='green-italic'>Research.<\/span><\/h1>\t\t\t\t<\/div>\n\t\t\t\t<\/div>\n\t\t<div class=\"elementor-element elementor-element-71e5345 e-con-full e-flex e-con e-child\" data-id=\"71e5345\" data-element_type=\"container\" data-e-type=\"container\">\n\t\t<div class=\"elementor-element elementor-element-da1ceb6 e-con-full e-flex e-con e-child\" data-id=\"da1ceb6\" data-element_type=\"container\" data-e-type=\"container\">\n\t\t\t\t<div class=\"elementor-element elementor-element-420d66d elementor-widget elementor-widget-image\" data-id=\"420d66d\" data-element_type=\"widget\" data-e-type=\"widget\" data-widget_type=\"image.default\">\n\t\t\t\t<div class=\"elementor-widget-container\">\n\t\t\t\t\t\t\t\t\t\t\t\t\t\t\t<img fetchpriority=\"high\" decoding=\"async\" width=\"1222\" height=\"1100\" src=\"https:\/\/publicengagement.berlin\/wp-content\/uploads\/2025\/01\/Group-113.webp\" class=\"attachment-full size-full wp-image-44\" alt=\"\" srcset=\"https:\/\/publicengagement.berlin\/wp-content\/uploads\/2025\/01\/Group-113.webp 1222w, https:\/\/publicengagement.berlin\/wp-content\/uploads\/2025\/01\/Group-113-300x270.webp 300w, https:\/\/publicengagement.berlin\/wp-content\/uploads\/2025\/01\/Group-113-1024x922.webp 1024w, https:\/\/publicengagement.berlin\/wp-content\/uploads\/2025\/01\/Group-113-768x691.webp 768w\" sizes=\"(max-width: 1222px) 100vw, 1222px\" \/>\t\t\t\t\t\t\t\t\t\t\t\t\t\t\t<\/div>\n\t\t\t\t<\/div>\n\t\t\t\t<\/div>\n\t\t<div class=\"elementor-element elementor-element-87466fc e-con-full e-flex e-con e-child\" data-id=\"87466fc\" data-element_type=\"container\" data-e-type=\"container\">\n\t\t\t\t<div class=\"elementor-element elementor-element-d74e34e elementor-widget__width-initial elementor-widget elementor-widget-heading\" data-id=\"d74e34e\" data-element_type=\"widget\" data-e-type=\"widget\" data-widget_type=\"heading.default\">\n\t\t\t\t<div class=\"elementor-widget-container\">\n\t\t\t\t\t<p class=\"elementor-heading-title elementor-size-default\">We\u2019re transforming research by making it open, accessible, and impactful - driving a more diverse and democratic research culture through <a href='https:\/\/publicengagement.berlin\/about-us\/' class='green'>Public Engagement <img decoding=\"async\" src=\"https:\/\/publicengagement.berlin\/wp-content\/uploads\/2025\/02\/Group-146.svg\"><\/a> <\/p>\t\t\t\t<\/div>\n\t\t\t\t<\/div>\n\t\t\t\t<div class=\"elementor-element elementor-element-1fe702a elementor-widget__width-initial elementor-widget elementor-widget-text-editor\" data-id=\"1fe702a\" data-element_type=\"widget\" data-e-type=\"widget\" data-widget_type=\"text-editor.default\">\n\t\t\t\t<div class=\"elementor-widget-container\">\n\t\t\t\t\t\t\t\t\t<p>Embedded in the Museum f\u00fcr Naturkunde Berlin, we provide a range of services to advance Public Engagement (PE) with research. Our offers are aimed at:<\/p>\t\t\t\t\t\t\t\t<\/div>\n\t\t\t\t<\/div>\n\t\t\t\t<div class=\"elementor-element elementor-element-7dc51e3 elementor-icon-list--layout-traditional elementor-list-item-link-full_width elementor-widget elementor-widget-icon-list\" data-id=\"7dc51e3\" data-element_type=\"widget\" data-e-type=\"widget\" data-widget_type=\"icon-list.default\">\n\t\t\t\t<div class=\"elementor-widget-container\">\n\t\t\t\t\t\t\t<ul class=\"elementor-icon-list-items\">\n\t\t\t\t\t\t\t<li class=\"elementor-icon-list-item\">\n\t\t\t\t\t\t\t\t\t\t\t<span class=\"elementor-icon-list-icon\">\n\t\t\t\t\t\t\t<svg xmlns=\"http:\/\/www.w3.org\/2000\/svg\" width=\"24\" height=\"24\" viewBox=\"0 0 24 24\" fill=\"none\"><circle cx=\"12\" cy=\"12\" r=\"12\" fill=\"#96CCDA\"><\/circle><\/svg>\t\t\t\t\t\t<\/span>\n\t\t\t\t\t\t\t\t\t\t<span class=\"elementor-icon-list-text\">Researchers of all Disciplines<\/span>\n\t\t\t\t\t\t\t\t\t<\/li>\n\t\t\t\t\t\t\t\t<li class=\"elementor-icon-list-item\">\n\t\t\t\t\t\t\t\t\t\t\t<span class=\"elementor-icon-list-icon\">\n\t\t\t\t\t\t\t<svg xmlns=\"http:\/\/www.w3.org\/2000\/svg\" width=\"24\" height=\"24\" viewBox=\"0 0 24 24\" fill=\"none\"><circle cx=\"12\" cy=\"12\" r=\"12\" fill=\"#F7AE2B\"><\/circle><\/svg>\t\t\t\t\t\t<\/span>\n\t\t\t\t\t\t\t\t\t\t<span class=\"elementor-icon-list-text\">PE Practitioners &amp; Researchers<\/span>\n\t\t\t\t\t\t\t\t\t<\/li>\n\t\t\t\t\t\t\t\t<li class=\"elementor-icon-list-item\">\n\t\t\t\t\t\t\t\t\t\t\t<span class=\"elementor-icon-list-icon\">\n\t\t\t\t\t\t\t<svg xmlns=\"http:\/\/www.w3.org\/2000\/svg\" width=\"24\" height=\"24\" viewBox=\"0 0 24 24\" fill=\"none\"><circle cx=\"12\" cy=\"12\" r=\"12\" fill=\"#D8E862\"><\/circle><\/svg>\t\t\t\t\t\t<\/span>\n\t\t\t\t\t\t\t\t\t\t<span class=\"elementor-icon-list-text\">Institutes and Research Consortia<\/span>\n\t\t\t\t\t\t\t\t\t<\/li>\n\t\t\t\t\t\t<\/ul>\n\t\t\t\t\t\t<\/div>\n\t\t\t\t<\/div>\n\t\t\t\t<div class=\"elementor-element elementor-element-a4684e2 elementor-widget elementor-widget-image\" data-id=\"a4684e2\" data-element_type=\"widget\" data-e-type=\"widget\" data-widget_type=\"image.default\">\n\t\t\t\t<div class=\"elementor-widget-container\">\n\t\t\t\t\t\t\t\t\t\t\t\t\t\t\t<img decoding=\"async\" width=\"32\" height=\"33\" src=\"https:\/\/publicengagement.berlin\/wp-content\/uploads\/2025\/01\/Group-6.svg\" class=\"attachment-large size-large wp-image-104\" alt=\"\" \/>\t\t\t\t\t\t\t\t\t\t\t\t\t\t\t<\/div>\n\t\t\t\t<\/div>\n\t\t\t\t<div class=\"elementor-element elementor-element-e6da2c3 elementor-widget__width-initial elementor-hidden-mobile elementor-absolute elementor-hidden-widescreen elementor-hidden-desktop elementor-hidden-laptop elementor-hidden-tablet_extra elementor-hidden-tablet elementor-hidden-mobile_extra elementor-widget elementor-widget-image\" data-id=\"e6da2c3\" data-element_type=\"widget\" data-e-type=\"widget\" data-settings=\"{&quot;_position&quot;:&quot;absolute&quot;}\" data-widget_type=\"image.default\">\n\t\t\t\t<div class=\"elementor-widget-container\">\n\t\t\t\t\t\t\t\t\t\t\t\t\t\t\t\t<a href=\"https:\/\/www.cam.ac.uk\/public-engagement\/collaborative-futures-academy-2025-the-place-of-engagement\" target=\"_blank\">\n\t\t\t\t\t\t\t<img decoding=\"async\" width=\"1080\" height=\"1080\" src=\"https:\/\/publicengagement.berlin\/wp-content\/uploads\/2025\/03\/Comp-1.gif\" class=\"attachment-full size-full wp-image-1939\" alt=\"\" \/>\t\t\t\t\t\t\t\t<\/a>\n\t\t\t\t\t\t\t\t\t\t\t\t\t\t\t<\/div>\n\t\t\t\t<\/div>\n\t\t\t\t<\/div>\n\t\t\t\t<\/div>\n\t\t\t\t\t<\/div>\n\t\t\t\t<\/div>\n\t\t<div class=\"elementor-element elementor-element-77abd08 panel e-flex e-con-boxed e-con e-parent\" data-id=\"77abd08\" data-element_type=\"container\" data-e-type=\"container\">\n\t\t\t\t\t<div class=\"e-con-inner\">\n\t\t\t\t<div class=\"elementor-element elementor-element-2d0bf76 elementor-widget elementor-widget-heading\" data-id=\"2d0bf76\" data-element_type=\"widget\" data-e-type=\"widget\" data-widget_type=\"heading.default\">\n\t\t\t\t<div class=\"elementor-widget-container\">\n\t\t\t\t\t<h2 class=\"elementor-heading-title elementor-size-default\">Our Offers<\/h2>\t\t\t\t<\/div>\n\t\t\t\t<\/div>\n\t\t<div class=\"elementor-element elementor-element-a461b45 e-con-full e-flex e-con e-child\" data-id=\"a461b45\" data-element_type=\"container\" data-e-type=\"container\">\n\t\t\t\t<div class=\"elementor-element elementor-element-6aa3406 elementor-widget elementor-widget-html\" data-id=\"6aa3406\" data-element_type=\"widget\" data-e-type=\"widget\" data-widget_type=\"html.default\">\n\t\t\t\t<div class=\"elementor-widget-container\">\n\t\t\t\t\t<script>\r\njQuery(function($){\r\n    \/\/ Wy\u0142\u0105cz skrypt dla szeroko\u015bci powy\u017cej 1920px\r\n    if ($(window).width() > 1920) {\r\n        return;\r\n    }\r\n\r\n    var isSectionExpanded = false;\r\n\r\n    $(window).scroll(function() {\r\n        var $window = $(window),\r\n            $panel = $('.panel'),\r\n            $section = $('.section');\r\n\r\n        var scrollBottom = $window.scrollTop() + $window.height();\r\n        var documentHeight = $(document).height();\r\n\r\n        if (scrollBottom >= documentHeight - 10 && !isSectionExpanded) {\r\n            setTimeout(function() {\r\n                $section.addClass(\"showdiv\");\r\n                isSectionExpanded = true;\r\n            }, 100);\r\n        }\r\n    });\r\n});\r\n<\/script>\r\n\r\n\r\n   \r\n\r\n<style>\r\n@media(max-width:1920px){\r\n    .section {\r\n        max-height: 0;overflow: hidden;\r\n        \r\n    }\r\n\r\n.section.showdiv {\r\n    transition-property: max-height;\r\n    transition-duration: 300ms;\r\n    transition-timing-function: ease-in-out;\r\n    transition-delay: 0ms;\r\n    overflow: hidden;\r\n    max-height: 500px;\r\n}\r\n}\r\n<\/style>\t\t\t\t<\/div>\n\t\t\t\t<\/div>\n\t\t\t\t<div class=\"elementor-element elementor-element-a87cc81 elementor-widget elementor-widget-html\" data-id=\"a87cc81\" data-element_type=\"widget\" data-e-type=\"widget\" data-widget_type=\"html.default\">\n\t\t\t\t<div class=\"elementor-widget-container\">\n\t\t\t\t\t<script src=\"https:\/\/code.jquery.com\/jquery-3.6.0.min.js\"><\/script>\r\n<script>\r\n$(document).ready(function () {\r\n    $('.elementor-element[link]').on('click', function () {\r\n        var $this = $(this);\r\n        var link = $this.attr('link');\r\n        var newtab = $this.attr('newtab');\r\n        \r\n        if (!link) {\r\n            return;\r\n        }\r\n        \r\n        var openIn = newtab !== undefined && newtab !== 'false' ? '_blank' : '_self';\r\n        window.open(link, openIn);\r\n    });\r\n});\r\n<\/script>\r\n\r\n<style>\r\n.elementor-element[link] {\r\n    cursor: pointer;\r\n}\r\n<\/style>\r\n\t\t\t\t<\/div>\n\t\t\t\t<\/div>\n\t\t<div class=\"elementor-element elementor-element-1448ed0 e-con-full e-flex e-con e-child\" data-id=\"1448ed0\" data-element_type=\"container\" data-e-type=\"container\" data-settings=\"{&quot;background_background&quot;:&quot;classic&quot;}\" link=\"https:\/\/publicengagement.berlin\/training-portfolio\/\">\n\t\t<div class=\"elementor-element elementor-element-9d8a6d4 e-con-full e-flex e-con e-child\" data-id=\"9d8a6d4\" data-element_type=\"container\" data-e-type=\"container\">\n\t\t\t\t<div class=\"elementor-element elementor-element-bd3bb15 elementor-view-default elementor-widget elementor-widget-icon\" data-id=\"bd3bb15\" data-element_type=\"widget\" data-e-type=\"widget\" data-widget_type=\"icon.default\">\n\t\t\t\t<div class=\"elementor-widget-container\">\n\t\t\t\t\t\t\t<div class=\"elementor-icon-wrapper\">\n\t\t\t<div class=\"elementor-icon\">\n\t\t\t<svg xmlns=\"http:\/\/www.w3.org\/2000\/svg\" width=\"36\" height=\"24\" viewBox=\"0 0 36 24\" fill=\"none\"><circle cx=\"24\" cy=\"12\" r=\"12\" fill=\"#D8E862\"><\/circle><circle cx=\"12\" cy=\"12\" r=\"12\" fill=\"#96CCDA\"><\/circle><\/svg>\t\t\t<\/div>\n\t\t<\/div>\n\t\t\t\t\t\t<\/div>\n\t\t\t\t<\/div>\n\t\t\t\t<div class=\"elementor-element elementor-element-6662a04 elementor-view-default elementor-widget elementor-widget-icon\" data-id=\"6662a04\" data-element_type=\"widget\" data-e-type=\"widget\" data-widget_type=\"icon.default\">\n\t\t\t\t<div class=\"elementor-widget-container\">\n\t\t\t\t\t\t\t<div class=\"elementor-icon-wrapper\">\n\t\t\t<a class=\"elementor-icon\" href=\"https:\/\/publicengagement.berlin\/training-portfolio\/\">\n\t\t\t<svg xmlns=\"http:\/\/www.w3.org\/2000\/svg\" width=\"32\" height=\"32\" viewBox=\"0 0 32 32\" fill=\"none\"><rect x=\"4.5542\" y=\"27.2988\" width=\"27.2978\" height=\"4.54964\" fill=\"#1A1A1A\"><\/rect><rect x=\"31.8521\" y=\"4.54883\" width=\"27.2978\" height=\"4.54964\" transform=\"rotate(90 31.8521 4.54883)\" fill=\"#1A1A1A\"><\/rect><rect x=\"3.22168\" width=\"40.7052\" height=\"4.54964\" transform=\"rotate(45 3.22168 0)\" fill=\"#1A1A1A\"><\/rect><\/svg>\t\t\t<\/a>\n\t\t<\/div>\n\t\t\t\t\t\t<\/div>\n\t\t\t\t<\/div>\n\t\t\t\t<\/div>\n\t\t<div class=\"elementor-element elementor-element-e2b6f34 e-con-full e-flex e-con e-child\" data-id=\"e2b6f34\" data-element_type=\"container\" data-e-type=\"container\">\n\t\t\t\t<div class=\"elementor-element elementor-element-812a69b elementor-widget elementor-widget-heading\" data-id=\"812a69b\" data-element_type=\"widget\" data-e-type=\"widget\" data-widget_type=\"heading.default\">\n\t\t\t\t<div class=\"elementor-widget-container\">\n\t\t\t\t\t<h3 class=\"elementor-heading-title elementor-size-default\"><a href=\"https:\/\/publicengagement.berlin\/training-portfolio\/\">Training<\/a><\/h3>\t\t\t\t<\/div>\n\t\t\t\t<\/div>\n\t\t\t\t<div class=\"elementor-element elementor-element-a125736 section elementor-widget elementor-widget-text-editor\" data-id=\"a125736\" data-element_type=\"widget\" data-e-type=\"widget\" data-widget_type=\"text-editor.default\">\n\t\t\t\t<div class=\"elementor-widget-container\">\n\t\t\t\t\t\t\t\t\t<p>We offer a <a href=\"https:\/\/publicengagement.berlin\/training-portfolio\/\">Training Portfolio<\/a> to support researchers at every stage of their Public Engagement journey.<\/p><p>In our <a href=\"https:\/\/publicengagement.berlin\/academies\/\">Annual International Academies<\/a>, <span style=\"font-weight: 400;\">we explore and expand the borders of Public Engagement practice, building the professional community.\u00a0<\/span><\/p>\t\t\t\t\t\t\t\t<\/div>\n\t\t\t\t<\/div>\n\t\t\t\t<\/div>\n\t\t\t\t<\/div>\n\t\t<div class=\"elementor-element elementor-element-a3b04b5 e-con-full e-flex e-con e-child\" data-id=\"a3b04b5\" data-element_type=\"container\" data-e-type=\"container\" data-settings=\"{&quot;background_background&quot;:&quot;classic&quot;}\" link=\"https:\/\/publicengagement.berlin\/sector-development\/\">\n\t\t<div class=\"elementor-element elementor-element-3019bd0 e-con-full e-flex e-con e-child\" data-id=\"3019bd0\" data-element_type=\"container\" data-e-type=\"container\">\n\t\t\t\t<div class=\"elementor-element elementor-element-55f01b8 elementor-view-default elementor-widget elementor-widget-icon\" data-id=\"55f01b8\" data-element_type=\"widget\" data-e-type=\"widget\" data-widget_type=\"icon.default\">\n\t\t\t\t<div class=\"elementor-widget-container\">\n\t\t\t\t\t\t\t<div class=\"elementor-icon-wrapper\">\n\t\t\t<div class=\"elementor-icon\">\n\t\t\t<svg xmlns=\"http:\/\/www.w3.org\/2000\/svg\" width=\"36\" height=\"24\" viewBox=\"0 0 36 24\" fill=\"none\"><circle cx=\"24\" cy=\"12\" r=\"12\" fill=\"#D8E862\"><\/circle><circle cx=\"12\" cy=\"12\" r=\"12\" fill=\"#F7AE2B\"><\/circle><\/svg>\t\t\t<\/div>\n\t\t<\/div>\n\t\t\t\t\t\t<\/div>\n\t\t\t\t<\/div>\n\t\t\t\t<div class=\"elementor-element elementor-element-bf0c1fb elementor-view-default elementor-widget elementor-widget-icon\" data-id=\"bf0c1fb\" data-element_type=\"widget\" data-e-type=\"widget\" data-widget_type=\"icon.default\">\n\t\t\t\t<div class=\"elementor-widget-container\">\n\t\t\t\t\t\t\t<div class=\"elementor-icon-wrapper\">\n\t\t\t<a class=\"elementor-icon\" href=\"https:\/\/publicengagement.berlin\/sector-development\/\">\n\t\t\t<svg xmlns=\"http:\/\/www.w3.org\/2000\/svg\" width=\"32\" height=\"32\" viewBox=\"0 0 32 32\" fill=\"none\"><rect x=\"4.5542\" y=\"27.2988\" width=\"27.2978\" height=\"4.54964\" fill=\"#1A1A1A\"><\/rect><rect x=\"31.8521\" y=\"4.54883\" width=\"27.2978\" height=\"4.54964\" transform=\"rotate(90 31.8521 4.54883)\" fill=\"#1A1A1A\"><\/rect><rect x=\"3.22168\" width=\"40.7052\" height=\"4.54964\" transform=\"rotate(45 3.22168 0)\" fill=\"#1A1A1A\"><\/rect><\/svg>\t\t\t<\/a>\n\t\t<\/div>\n\t\t\t\t\t\t<\/div>\n\t\t\t\t<\/div>\n\t\t\t\t<\/div>\n\t\t<div class=\"elementor-element elementor-element-5bb4c76 e-con-full e-flex e-con e-child\" data-id=\"5bb4c76\" data-element_type=\"container\" data-e-type=\"container\">\n\t\t\t\t<div class=\"elementor-element elementor-element-8a2a28d elementor-widget elementor-widget-heading\" data-id=\"8a2a28d\" data-element_type=\"widget\" data-e-type=\"widget\" data-widget_type=\"heading.default\">\n\t\t\t\t<div class=\"elementor-widget-container\">\n\t\t\t\t\t<h3 class=\"elementor-heading-title elementor-size-default\"><a href=\"https:\/\/publicengagement.berlin\/sector-development\/\">Sector<br>\nDevelopment<\/a><\/h3>\t\t\t\t<\/div>\n\t\t\t\t<\/div>\n\t\t\t\t<div class=\"elementor-element elementor-element-9fb1e29 section elementor-widget elementor-widget-text-editor\" data-id=\"9fb1e29\" data-element_type=\"widget\" data-e-type=\"widget\" data-widget_type=\"text-editor.default\">\n\t\t\t\t<div class=\"elementor-widget-container\">\n\t\t\t\t\t\t\t\t\t<p>We support institutions and professionals to embed Public Engagement within the German research landscape, building sustainable structures and valued career paths. We professionalise Public Engagement by <a href=\"https:\/\/publicengagement.berlin\/sector-development\/\">Community Building<\/a> and <a href=\"https:\/\/publicengagement.berlin\/sector-development\/\">Institutional Consultation.<\/a><\/p>\t\t\t\t\t\t\t\t<\/div>\n\t\t\t\t<\/div>\n\t\t\t\t<\/div>\n\t\t\t\t<\/div>\n\t\t<div class=\"elementor-element elementor-element-00272cb e-con-full e-flex e-con e-child\" data-id=\"00272cb\" data-element_type=\"container\" data-e-type=\"container\" data-settings=\"{&quot;background_background&quot;:&quot;classic&quot;}\" link=\"https:\/\/publicengagement.berlin\/our-expertise\/#research\">\n\t\t<div class=\"elementor-element elementor-element-71dc756 e-con-full e-flex e-con e-child\" data-id=\"71dc756\" data-element_type=\"container\" data-e-type=\"container\">\n\t\t\t\t<div class=\"elementor-element elementor-element-18d778d elementor-view-default elementor-widget elementor-widget-icon\" data-id=\"18d778d\" data-element_type=\"widget\" data-e-type=\"widget\" data-widget_type=\"icon.default\">\n\t\t\t\t<div class=\"elementor-widget-container\">\n\t\t\t\t\t\t\t<div class=\"elementor-icon-wrapper\">\n\t\t\t<div class=\"elementor-icon\">\n\t\t\t<svg xmlns=\"http:\/\/www.w3.org\/2000\/svg\" width=\"48\" height=\"24\" viewBox=\"0 0 48 24\" fill=\"none\"><circle cx=\"36\" cy=\"12\" r=\"12\" fill=\"#D8E862\"><\/circle><circle cx=\"24\" cy=\"12\" r=\"12\" fill=\"#F7AE2B\"><\/circle><circle cx=\"12\" cy=\"12\" r=\"12\" fill=\"#96CCDA\"><\/circle><\/svg>\t\t\t<\/div>\n\t\t<\/div>\n\t\t\t\t\t\t<\/div>\n\t\t\t\t<\/div>\n\t\t\t\t<div class=\"elementor-element elementor-element-f84e0b2 elementor-view-default elementor-widget elementor-widget-icon\" data-id=\"f84e0b2\" data-element_type=\"widget\" data-e-type=\"widget\" data-widget_type=\"icon.default\">\n\t\t\t\t<div class=\"elementor-widget-container\">\n\t\t\t\t\t\t\t<div class=\"elementor-icon-wrapper\">\n\t\t\t<div class=\"elementor-icon\">\n\t\t\t<svg xmlns=\"http:\/\/www.w3.org\/2000\/svg\" width=\"32\" height=\"32\" viewBox=\"0 0 32 32\" fill=\"none\"><rect x=\"4.5542\" y=\"27.2988\" width=\"27.2978\" height=\"4.54964\" fill=\"#1A1A1A\"><\/rect><rect x=\"31.8521\" y=\"4.54883\" width=\"27.2978\" height=\"4.54964\" transform=\"rotate(90 31.8521 4.54883)\" fill=\"#1A1A1A\"><\/rect><rect x=\"3.22168\" width=\"40.7052\" height=\"4.54964\" transform=\"rotate(45 3.22168 0)\" fill=\"#1A1A1A\"><\/rect><\/svg>\t\t\t<\/div>\n\t\t<\/div>\n\t\t\t\t\t\t<\/div>\n\t\t\t\t<\/div>\n\t\t\t\t<\/div>\n\t\t<div class=\"elementor-element elementor-element-241c498 e-con-full e-flex e-con e-child\" data-id=\"241c498\" data-element_type=\"container\" data-e-type=\"container\">\n\t\t\t\t<div class=\"elementor-element elementor-element-7eb6bf4 elementor-widget elementor-widget-heading\" data-id=\"7eb6bf4\" data-element_type=\"widget\" data-e-type=\"widget\" data-widget_type=\"heading.default\">\n\t\t\t\t<div class=\"elementor-widget-container\">\n\t\t\t\t\t<h3 class=\"elementor-heading-title elementor-size-default\"><a href=\"https:\/\/publicengagement.berlin\/our-expertise\/#research\">Research<\/a><\/h3>\t\t\t\t<\/div>\n\t\t\t\t<\/div>\n\t\t\t\t<div class=\"elementor-element elementor-element-4f05742 section elementor-widget elementor-widget-text-editor\" data-id=\"4f05742\" data-element_type=\"widget\" data-e-type=\"widget\" data-widget_type=\"text-editor.default\">\n\t\t\t\t<div class=\"elementor-widget-container\">\n\t\t\t\t\t\t\t\t\tOur Public Engagement &amp; Impact Unit conducts foundational <a href=\"https:\/\/publicengagement.berlin\/our-expertise\/#research\">Research Projects<\/a> to support the recognition of Public Engagement as a valued core component of academic work.\t\t\t\t\t\t\t\t<\/div>\n\t\t\t\t<\/div>\n\t\t\t\t<\/div>\n\t\t\t\t<\/div>\n\t\t\t\t<\/div>\n\t\t\t\t\t<\/div>\n\t\t\t\t<\/div>\n\t\t\t\t<\/div>\n\t\t","protected":false},"excerpt":{"rendered":"<p>We Connect People and Research. We\u2019re transforming research by making it open, accessible, and impactful &#8211; driving a more diverse and democratic research culture through Public Engagement Embedded in the Museum f\u00fcr Naturkunde Berlin, we provide a range of services to advance Public Engagement (PE) with research. Our offers are aimed at: Researchers of all [&hellip;]<\/p>\n","protected":false},"author":1,"featured_media":0,"parent":0,"menu_order":0,"comment_status":"closed","ping_status":"closed","template":"","meta":{"_acf_changed":false,"footnotes":""},"class_list":["post-7","page","type-page","status-publish","hentry"],"acf":[],"_links":{"self":[{"href":"https:\/\/publicengagement.berlin\/de\/wp-json\/wp\/v2\/pages\/7","targetHints":{"allow":["GET"]}}],"collection":[{"href":"https:\/\/publicengagement.berlin\/de\/wp-json\/wp\/v2\/pages"}],"about":[{"href":"https:\/\/publicengagement.berlin\/de\/wp-json\/wp\/v2\/types\/page"}],"author":[{"embeddable":true,"href":"https:\/\/publicengagement.berlin\/de\/wp-json\/wp\/v2\/users\/1"}],"replies":[{"embeddable":true,"href":"https:\/\/publicengagement.berlin\/de\/wp-json\/wp\/v2\/comments?post=7"}],"version-history":[{"count":5,"href":"https:\/\/publicengagement.berlin\/de\/wp-json\/wp\/v2\/pages\/7\/revisions"}],"predecessor-version":[{"id":2893,"href":"https:\/\/publicengagement.berlin\/de\/wp-json\/wp\/v2\/pages\/7\/revisions\/2893"}],"wp:attachment":[{"href":"https:\/\/publicengagement.berlin\/de\/wp-json\/wp\/v2\/media?parent=7"}],"curies":[{"name":"wp","href":"https:\/\/api.w.org\/{rel}","templated":true}]}}