{"id":205,"date":"2025-01-29T19:55:21","date_gmt":"2025-01-29T18:55:21","guid":{"rendered":"https:\/\/publicengagement.berlin\/?page_id=205"},"modified":"2025-05-12T14:47:32","modified_gmt":"2025-05-12T12:47:32","slug":"imprint","status":"publish","type":"page","link":"https:\/\/publicengagement.berlin\/de\/imprint\/","title":{"rendered":"Impressum"},"content":{"rendered":"<div data-elementor-type=\"wp-post\" data-elementor-id=\"205\" class=\"elementor elementor-205\" data-elementor-post-type=\"page\">\n\t\t\t\t<div class=\"elementor-element elementor-element-71db515 e-flex e-con-boxed e-con e-parent\" data-id=\"71db515\" data-element_type=\"container\" data-e-type=\"container\">\n\t\t\t\t\t<div class=\"e-con-inner\">\n\t\t<div class=\"elementor-element elementor-element-0782bcf e-con-full e-flex e-con e-child\" data-id=\"0782bcf\" data-element_type=\"container\" data-e-type=\"container\">\n\t\t\t\t<div class=\"elementor-element elementor-element-0f7ff91 elementor-widget elementor-widget-heading\" data-id=\"0f7ff91\" data-element_type=\"widget\" data-e-type=\"widget\" data-widget_type=\"heading.default\">\n\t\t\t\t<div class=\"elementor-widget-container\">\n\t\t\t\t\t<h1 class=\"elementor-heading-title elementor-size-default\">Impressum<\/h1>\t\t\t\t<\/div>\n\t\t\t\t<\/div>\n\t\t\t\t<\/div>\n\t\t<div class=\"elementor-element elementor-element-ced493e e-con-full e-flex e-con e-child\" data-id=\"ced493e\" data-element_type=\"container\" data-e-type=\"container\">\n\t\t<div class=\"elementor-element elementor-element-d371d1e e-con-full e-flex e-con e-child\" data-id=\"d371d1e\" data-element_type=\"container\" data-e-type=\"container\">\n\t\t\t\t<div class=\"elementor-element elementor-element-1fe702a elementor-widget elementor-widget-text-editor\" data-id=\"1fe702a\" data-element_type=\"widget\" data-e-type=\"widget\" data-widget_type=\"text-editor.default\">\n\t\t\t\t<div class=\"elementor-widget-container\">\n\t\t\t\t\t\t\t\t\t<p>Berlin School of Public Engagement and Open Science<br \/>Abteilung Public Engagement und Impact<br \/>Forschungsbereich Gesellschaft und Natur<\/p><p>Museum f\u00fcr Naturkunde<br \/>Leibniz-Institut f\u00fcr Evolutions- und Biodiversit\u00e4tsforschung<br \/>Invalidenstra\u00dfe 43,\u202810115 Berlin, Germany<\/p><p>Landesunmittelbare rechtsf\u00e4hige Stiftung des \u00f6ffentlichen Rechts<\/p>\t\t\t\t\t\t\t\t<\/div>\n\t\t\t\t<\/div>\n\t\t\t\t<div class=\"elementor-element elementor-element-49bf7f0 elementor-widget elementor-widget-text-editor\" data-id=\"49bf7f0\" data-element_type=\"widget\" data-e-type=\"widget\" data-widget_type=\"text-editor.default\">\n\t\t\t\t<div class=\"elementor-widget-container\">\n\t\t\t\t\t\t\t\t\t<p><strong>Telefon<\/strong> <a href=\"tel:+49 30 889140-8119\">+49 30 889140-8119<\/a><\/p><p><strong>E-Mail:<\/strong> <a href=\"mailto:berlinschool@mfn.berlin\">berlinschool@mfn.berlin<\/a><\/p><p><strong>Internet:<\/strong> <a href=\"\/de\/www.publicengagement.berlin\/\">www.publicengagement.berlin<\/a><br \/><a href=\"\/de\/www.museumfuernaturkunde.berlin\/\">www.museumfuernaturkunde.berlin<\/a><\/p>\t\t\t\t\t\t\t\t<\/div>\n\t\t\t\t<\/div>\n\t\t\t\t<div class=\"elementor-element elementor-element-f399cd0 elementor-widget elementor-widget-text-editor\" data-id=\"f399cd0\" data-element_type=\"widget\" data-e-type=\"widget\" data-widget_type=\"text-editor.default\">\n\t\t\t\t<div class=\"elementor-widget-container\">\n\t\t\t\t\t\t\t\t\t<p><strong>VAT-ID<\/strong> Umsatzsteuer-Identifikationsnummer gem\u00e4\u00df \u00a7 27 a Umsatzsteuergesetz<br \/>DE262426477<\/p>\t\t\t\t\t\t\t\t<\/div>\n\t\t\t\t<\/div>\n\t\t\t\t<div class=\"elementor-element elementor-element-402a3fc elementor-widget elementor-widget-text-editor\" data-id=\"402a3fc\" data-element_type=\"widget\" data-e-type=\"widget\" data-widget_type=\"text-editor.default\">\n\t\t\t\t<div class=\"elementor-widget-container\">\n\t\t\t\t\t\t\t\t\t<p><strong>Bankverbindung<\/strong>\u2028<br \/>Deutsche Bank\u2028<br \/>Konto-Nummer: 512 087 800<br \/>Bankleitzahl: 100 708 48<br \/>IBAN: DE40 1007 0848 051 2087 800\u2028<br \/>BIC\/SWIFT: DEUTDEDB110<\/p>\t\t\t\t\t\t\t\t<\/div>\n\t\t\t\t<\/div>\n\t\t\t\t<\/div>\n\t\t<div class=\"elementor-element elementor-element-2f043e4 e-con-full e-flex e-con e-child\" data-id=\"2f043e4\" data-element_type=\"container\" data-e-type=\"container\">\n\t\t<div class=\"elementor-element elementor-element-4671e65 e-con-full e-flex e-con e-child\" data-id=\"4671e65\" data-element_type=\"container\" data-e-type=\"container\">\n\t\t\t\t<div class=\"elementor-element elementor-element-339084d elementor-widget elementor-widget-heading\" data-id=\"339084d\" data-element_type=\"widget\" data-e-type=\"widget\" data-widget_type=\"heading.default\">\n\t\t\t\t<div class=\"elementor-widget-container\">\n\t\t\t\t\t<h3 class=\"elementor-heading-title elementor-size-default\">Vertretungsberechtigte Personen<\/h3>\t\t\t\t<\/div>\n\t\t\t\t<\/div>\n\t\t\t\t<div class=\"elementor-element elementor-element-a05b329 elementor-widget elementor-widget-text-editor\" data-id=\"a05b329\" data-element_type=\"widget\" data-e-type=\"widget\" data-widget_type=\"text-editor.default\">\n\t\t\t\t<div class=\"elementor-widget-container\">\n\t\t\t\t\t\t\t\t\t<p>Prof. Johannes Vogel, PhD (Generaldirektor)<br \/>Stephan Junker (Gesch\u00e4ftsf\u00fchrer)<\/p>\t\t\t\t\t\t\t\t<\/div>\n\t\t\t\t<\/div>\n\t\t\t\t<\/div>\n\t\t<div class=\"elementor-element elementor-element-143e97a e-con-full e-flex e-con e-child\" data-id=\"143e97a\" data-element_type=\"container\" data-e-type=\"container\">\n\t\t\t\t<div class=\"elementor-element elementor-element-ed2b9a9 elementor-widget elementor-widget-heading\" data-id=\"ed2b9a9\" data-element_type=\"widget\" data-e-type=\"widget\" data-widget_type=\"heading.default\">\n\t\t\t\t<div class=\"elementor-widget-container\">\n\t\t\t\t\t<h3 class=\"elementor-heading-title elementor-size-default\">Zust\u00e4ndige Aufsichtsbeh\u00f6rde<\/h3>\t\t\t\t<\/div>\n\t\t\t\t<\/div>\n\t\t\t\t<div class=\"elementor-element elementor-element-73c3db1 elementor-widget elementor-widget-text-editor\" data-id=\"73c3db1\" data-element_type=\"widget\" data-e-type=\"widget\" data-widget_type=\"text-editor.default\">\n\t\t\t\t<div class=\"elementor-widget-container\">\n\t\t\t\t\t\t\t\t\t<p>Senatskanzlei \u2013 Wissenschaft und Forschung<br \/>Warschauer Str. 41-42, 10243 Berlin<\/p>\t\t\t\t\t\t\t\t<\/div>\n\t\t\t\t<\/div>\n\t\t\t\t<\/div>\n\t\t<div class=\"elementor-element elementor-element-fd40cb1 e-con-full e-flex e-con e-child\" data-id=\"fd40cb1\" data-element_type=\"container\" data-e-type=\"container\">\n\t\t\t\t<div class=\"elementor-element elementor-element-d544645 elementor-widget elementor-widget-heading\" data-id=\"d544645\" data-element_type=\"widget\" data-e-type=\"widget\" data-widget_type=\"heading.default\">\n\t\t\t\t<div class=\"elementor-widget-container\">\n\t\t\t\t\t<h3 class=\"elementor-heading-title elementor-size-default\">Inhaltlich Verantwortlicher<\/h3>\t\t\t\t<\/div>\n\t\t\t\t<\/div>\n\t\t\t\t<div class=\"elementor-element elementor-element-8bfb514 elementor-widget elementor-widget-text-editor\" data-id=\"8bfb514\" data-element_type=\"widget\" data-e-type=\"widget\" data-widget_type=\"text-editor.default\">\n\t\t\t\t<div class=\"elementor-widget-container\">\n\t\t\t\t\t\t\t\t\t<p>(gem\u00e4\u00df \u00a7 18 Abs. 2 MStV)<br \/>Victoria Shennan<\/p>\t\t\t\t\t\t\t\t<\/div>\n\t\t\t\t<\/div>\n\t\t\t\t<\/div>\n\t\t\t\t<\/div>\n\t\t\t\t<\/div>\n\t\t\t\t\t<\/div>\n\t\t\t\t<\/div>\n\t\t<div class=\"elementor-element elementor-element-faa6aac e-flex e-con-boxed e-con e-parent\" data-id=\"faa6aac\" data-element_type=\"container\" data-e-type=\"container\">\n\t\t\t\t\t<div class=\"e-con-inner\">\n\t\t\t\t<div class=\"elementor-element elementor-element-3566086 elementor-widget elementor-widget-heading\" data-id=\"3566086\" data-element_type=\"widget\" data-e-type=\"widget\" data-widget_type=\"heading.default\">\n\t\t\t\t<div class=\"elementor-widget-container\">\n\t\t\t\t\t<h2 class=\"elementor-heading-title elementor-size-default\">Weitere Bestimmungen<\/h2>\t\t\t\t<\/div>\n\t\t\t\t<\/div>\n\t\t\t\t\t<\/div>\n\t\t\t\t<\/div>\n\t\t<div class=\"elementor-element elementor-element-02af77c e-flex e-con-boxed e-con e-parent\" data-id=\"02af77c\" data-element_type=\"container\" data-e-type=\"container\">\n\t\t\t\t\t<div class=\"e-con-inner\">\n\t\t\t\t<div class=\"elementor-element elementor-element-574f150 elementor-widget elementor-widget-heading\" data-id=\"574f150\" data-element_type=\"widget\" data-e-type=\"widget\" data-widget_type=\"heading.default\">\n\t\t\t\t<div class=\"elementor-widget-container\">\n\t\t\t\t\t<h3 class=\"elementor-heading-title elementor-size-default\">Copyright<\/h3>\t\t\t\t<\/div>\n\t\t\t\t<\/div>\n\t\t\t\t<div class=\"elementor-element elementor-element-7ea0a45 elementor-widget__width-initial elementor-widget elementor-widget-text-editor\" data-id=\"7ea0a45\" data-element_type=\"widget\" data-e-type=\"widget\" data-widget_type=\"text-editor.default\">\n\t\t\t\t<div class=\"elementor-widget-container\">\n\t\t\t\t\t\t\t\t\t<p>Alle Inhalte, Bilder oder Grafiken sind urheberrechtlich gesch\u00fctzt und d\u00fcrfen nur mit schriftlicher Genehmigung des jeweiligen Rechteinhabers verwendet werden.<\/p>\t\t\t\t\t\t\t\t<\/div>\n\t\t\t\t<\/div>\n\t\t\t\t\t<\/div>\n\t\t\t\t<\/div>\n\t\t<div class=\"elementor-element elementor-element-4f1b45c e-flex e-con-boxed e-con e-parent\" data-id=\"4f1b45c\" data-element_type=\"container\" data-e-type=\"container\">\n\t\t\t\t\t<div class=\"e-con-inner\">\n\t\t\t\t<div class=\"elementor-element elementor-element-6e922ba elementor-widget elementor-widget-heading\" data-id=\"6e922ba\" data-element_type=\"widget\" data-e-type=\"widget\" data-widget_type=\"heading.default\">\n\t\t\t\t<div class=\"elementor-widget-container\">\n\t\t\t\t\t<h3 class=\"elementor-heading-title elementor-size-default\">Haftung f\u00fcr Inhalte<\/h3>\t\t\t\t<\/div>\n\t\t\t\t<\/div>\n\t\t\t\t<div class=\"elementor-element elementor-element-00bc0e4 elementor-widget__width-initial elementor-widget elementor-widget-text-editor\" data-id=\"00bc0e4\" data-element_type=\"widget\" data-e-type=\"widget\" data-widget_type=\"text-editor.default\">\n\t\t\t\t<div class=\"elementor-widget-container\">\n\t\t\t\t\t\t\t\t\t<p>Die Inhalte unserer Seiten wurden mit gr\u00f6\u00dfter Sorgfalt erstellt. F\u00fcr die Richtigkeit, Vollst\u00e4ndigkeit und Aktualit\u00e4t der Inhalte k\u00f6nnen wir jedoch keine Gew\u00e4hr \u00fcbernehmen<\/p><p>Als Diensteanbieter sind wir gem\u00e4\u00df \u00a7 6 Abs.1 MDStV und \u00a7 7 Abs.1 TMG f\u00fcr eigene Inhalte auf diesen Seiten nach den allgemeinen Gesetzen verantwortlich. Diensteanbieter sind jedoch nicht verpflichtet, die von ihnen \u00fcbermittelten oder gespeicherten fremden Informationen zu \u00fcberwachen oder nach Umst\u00e4nden zu forschen, die auf eine rechtswidrige T\u00e4tigkeit hinweisen. Verpflichtungen zur Entfernung oder Sperrung der Nutzung von Informationen nach den allgemeinen Gesetzen bleiben hiervon unber\u00fchrt. Eine diesbez\u00fcgliche Haftung ist jedoch erst ab dem Zeitpunkt der Kenntnis einer konkreten Rechtsverletzung m\u00f6glich. Bei Bekanntwerden von entsprechenden Rechtsverletzungen werden wir diese Inhalte umgehend entfernen.<\/p>\t\t\t\t\t\t\t\t<\/div>\n\t\t\t\t<\/div>\n\t\t\t\t\t<\/div>\n\t\t\t\t<\/div>\n\t\t<div class=\"elementor-element elementor-element-6a5bc60 e-flex e-con-boxed e-con e-parent\" data-id=\"6a5bc60\" data-element_type=\"container\" data-e-type=\"container\">\n\t\t\t\t\t<div class=\"e-con-inner\">\n\t\t\t\t<div class=\"elementor-element elementor-element-c604d37 elementor-widget elementor-widget-heading\" data-id=\"c604d37\" data-element_type=\"widget\" data-e-type=\"widget\" data-widget_type=\"heading.default\">\n\t\t\t\t<div class=\"elementor-widget-container\">\n\t\t\t\t\t<h3 class=\"elementor-heading-title elementor-size-default\">Urheberrecht<\/h3>\t\t\t\t<\/div>\n\t\t\t\t<\/div>\n\t\t\t\t<div class=\"elementor-element elementor-element-5c388be elementor-widget__width-initial elementor-widget elementor-widget-text-editor\" data-id=\"5c388be\" data-element_type=\"widget\" data-e-type=\"widget\" data-widget_type=\"text-editor.default\">\n\t\t\t\t<div class=\"elementor-widget-container\">\n\t\t\t\t\t\t\t\t\t<p>Die Betreiber der Seiten sind bem\u00fcht, stets die Urheberrechte Anderer zu beachten bzw. auf selbst erstellte sowie lizenzfreie Werke zur\u00fcckzugreifen.<\/p><p>Die durch die Seitenbetreiber erstellten Inhalte und Werke auf diesen Seiten unterliegen dem deutschen Urheberrecht. Beitr\u00e4ge Dritter sind als solche gekennzeichnet. Die Vervielf\u00e4ltigung, Bearbeitung, Verbreitung und jede Art der Verwertung au\u00dferhalb der Grenzen des Urheberrechtes bed\u00fcrfen der schriftlichen Zustimmung des jeweiligen Autors\/ der jeweiligen Autorin bzw. des Erstellers\/ der Erstellerin. Downloads und Kopien dieser Seite sind nur f\u00fcr den privaten, nicht kommerziellen Gebrauch gestattet.<\/p>\t\t\t\t\t\t\t\t<\/div>\n\t\t\t\t<\/div>\n\t\t\t\t\t<\/div>\n\t\t\t\t<\/div>\n\t\t<div class=\"elementor-element elementor-element-c848aaa e-flex e-con-boxed e-con e-parent\" data-id=\"c848aaa\" data-element_type=\"container\" data-e-type=\"container\">\n\t\t\t\t\t<div class=\"e-con-inner\">\n\t\t\t\t<div class=\"elementor-element elementor-element-beb98fe elementor-widget elementor-widget-heading\" data-id=\"beb98fe\" data-element_type=\"widget\" data-e-type=\"widget\" data-widget_type=\"heading.default\">\n\t\t\t\t<div class=\"elementor-widget-container\">\n\t\t\t\t\t<h3 class=\"elementor-heading-title elementor-size-default\"><a href=\"https:\/\/www.disclaimer.de\/disclaimer.html\" target=\"_blank\">Allgemeiner Haftungsausschluss<\/a><\/h3>\t\t\t\t<\/div>\n\t\t\t\t<\/div>\n\t\t\t\t<div class=\"elementor-element elementor-element-fa64785 elementor-widget__width-initial elementor-widget elementor-widget-text-editor\" data-id=\"fa64785\" data-element_type=\"widget\" data-e-type=\"widget\" data-widget_type=\"text-editor.default\">\n\t\t\t\t<div class=\"elementor-widget-container\">\n\t\t\t\t\t\t\t\t\t\u00dcber die weiter oben dargelegten Punkte hinaus gilt f\u00fcr alle Seiten dieses Webauftritts der\n\t\t\t\t\t\t\t\t<\/div>\n\t\t\t\t<\/div>\n\t\t\t\t<div class=\"elementor-element elementor-element-4a7be9c elementor-widget__width-initial elementor-widget elementor-widget-text-editor\" data-id=\"4a7be9c\" data-element_type=\"widget\" data-e-type=\"widget\" data-widget_type=\"text-editor.default\">\n\t\t\t\t<div class=\"elementor-widget-container\">\n\t\t\t\t\t\t\t\t\t<p>allgemeine <a href=\"http:\/\/www.datenschutzbeauftragter-info.de\">Haftungsausschluss.<\/a><\/p>\t\t\t\t\t\t\t\t<\/div>\n\t\t\t\t<\/div>\n\t\t\t\t<div class=\"elementor-element elementor-element-19d7d28 elementor-widget__width-initial elementor-widget elementor-widget-text-editor\" data-id=\"19d7d28\" data-element_type=\"widget\" data-e-type=\"widget\" data-widget_type=\"text-editor.default\">\n\t\t\t\t<div class=\"elementor-widget-container\">\n\t\t\t\t\t\t\t\t\t<p>\u00a9 Museum f\u00fcr Naturkunde Berlin<\/p>\t\t\t\t\t\t\t\t<\/div>\n\t\t\t\t<\/div>\n\t\t\t\t\t<\/div>\n\t\t\t\t<\/div>\n\t\t\t\t<\/div>","protected":false},"excerpt":{"rendered":"<p>Imprint Berlin School of Public Engagement and Open SciencePublic Engagement and Impact Unit\u2028Science Programme Society and Nature Museum f\u00fcr NaturkundeLeibniz Institute for Evolution and Biodiversity ScienceInvalidenstra\u00dfe 43,\u202810115 Berlin, Germany Landesunmittelbare rechtsf\u00e4hige Stiftung des \u00f6ffentlichen Rechts phone: +49 30 889140-8119 email: berlinschool@mfn.berlin websites: www.publicengagement.berlinwww.museumfuernaturkunde.berlin VAT-ID (German law \u00a7 27 a Umsatzsteuergesetz)DE262426477 Bank account\u2028Deutsche Bank\u2028account number: 512 [&hellip;]<\/p>\n","protected":false},"author":1,"featured_media":0,"parent":0,"menu_order":0,"comment_status":"closed","ping_status":"closed","template":"","meta":{"_acf_changed":false,"footnotes":""},"class_list":["post-205","page","type-page","status-publish","hentry"],"acf":[],"_links":{"self":[{"href":"https:\/\/publicengagement.berlin\/de\/wp-json\/wp\/v2\/pages\/205","targetHints":{"allow":["GET"]}}],"collection":[{"href":"https:\/\/publicengagement.berlin\/de\/wp-json\/wp\/v2\/pages"}],"about":[{"href":"https:\/\/publicengagement.berlin\/de\/wp-json\/wp\/v2\/types\/page"}],"author":[{"embeddable":true,"href":"https:\/\/publicengagement.berlin\/de\/wp-json\/wp\/v2\/users\/1"}],"replies":[{"embeddable":true,"href":"https:\/\/publicengagement.berlin\/de\/wp-json\/wp\/v2\/comments?post=205"}],"version-history":[{"count":5,"href":"https:\/\/publicengagement.berlin\/de\/wp-json\/wp\/v2\/pages\/205\/revisions"}],"predecessor-version":[{"id":2609,"href":"https:\/\/publicengagement.berlin\/de\/wp-json\/wp\/v2\/pages\/205\/revisions\/2609"}],"wp:attachment":[{"href":"https:\/\/publicengagement.berlin\/de\/wp-json\/wp\/v2\/media?parent=205"}],"curies":[{"name":"wp","href":"https:\/\/api.w.org\/{rel}","templated":true}]}}