{"id":197,"date":"2025-01-29T18:52:00","date_gmt":"2025-01-29T17:52:00","guid":{"rendered":"https:\/\/publicengagement.berlin\/?page_id=197"},"modified":"2025-05-12T17:10:11","modified_gmt":"2025-05-12T15:10:11","slug":"privacy-policy","status":"publish","type":"page","link":"https:\/\/publicengagement.berlin\/de\/privacy-policy\/","title":{"rendered":"Datenschutzerkl\u00e4rung"},"content":{"rendered":"<div data-elementor-type=\"wp-post\" data-elementor-id=\"197\" class=\"elementor elementor-197\" data-elementor-post-type=\"page\">\n\t\t\t\t<div class=\"elementor-element elementor-element-71db515 e-flex e-con-boxed e-con e-parent\" data-id=\"71db515\" data-element_type=\"container\" data-e-type=\"container\">\n\t\t\t\t\t<div class=\"e-con-inner\">\n\t\t<div class=\"elementor-element elementor-element-0782bcf e-con-full e-flex e-con e-child\" data-id=\"0782bcf\" data-element_type=\"container\" data-e-type=\"container\">\n\t\t\t\t<div class=\"elementor-element elementor-element-0f7ff91 elementor-widget elementor-widget-heading\" data-id=\"0f7ff91\" data-element_type=\"widget\" data-e-type=\"widget\" data-widget_type=\"heading.default\">\n\t\t\t\t<div class=\"elementor-widget-container\">\n\t\t\t\t\t<h1 class=\"elementor-heading-title elementor-size-default translation-block\">Datenschutzerkl\u00e4rung<\/h1>\t\t\t\t<\/div>\n\t\t\t\t<\/div>\n\t\t\t\t<div class=\"elementor-element elementor-element-1fe702a elementor-widget__width-initial elementor-widget-mobile__width-initial elementor-widget elementor-widget-text-editor\" data-id=\"1fe702a\" data-element_type=\"widget\" data-e-type=\"widget\" data-widget_type=\"text-editor.default\">\n\t\t\t\t<div class=\"elementor-widget-container\">\n\t\t\t\t\t\t\t\t\t<p class=\"translation-block\">Als ein vom Museum f\u00fcr Naturkunde Berlin betriebenes und verantwortetes Projekt verweisen wir auf die Datenschutzerkl\u00e4rung des Museum f\u00fcr Naturkunde Berlin. Diese findet auch auf dieser Website Anwendung: \n<a href=\"https:\/\/www.museumfuernaturkunde.berlin\/de\/datenschutzerklaerung\" target=\"_blank\" rel=\"noopener\">https:\/\/www.museumfuernaturkunde.berlin\/de\/datenschutzerklaerung<\/a>.<\/p>\t\t\t\t\t\t\t\t<\/div>\n\t\t\t\t<\/div>\n\t\t\t\t<div class=\"elementor-element elementor-element-064f534 elementor-widget elementor-widget-image\" data-id=\"064f534\" data-element_type=\"widget\" data-e-type=\"widget\" data-widget_type=\"image.default\">\n\t\t\t\t<div class=\"elementor-widget-container\">\n\t\t\t\t\t\t\t\t\t\t\t\t\t\t\t<img fetchpriority=\"high\" decoding=\"async\" width=\"782\" height=\"698\" src=\"https:\/\/publicengagement.berlin\/wp-content\/uploads\/2025\/01\/Group-191.svg\" class=\"attachment-full size-full wp-image-201\" alt=\"\" \/>\t\t\t\t\t\t\t\t\t\t\t\t\t\t\t<\/div>\n\t\t\t\t<\/div>\n\t\t\t\t<\/div>\n\t\t\t\t\t<\/div>\n\t\t\t\t<\/div>\n\t\t\t\t<\/div>","protected":false},"excerpt":{"rendered":"<p>Privacy Policy As a project operated and managed by the Museum f\u00fcr Naturkunde Berlin, we refer to the data protection declaration of the Museum f\u00fcr Naturkunde Berlin. This also applies to this website: https:\/\/www.museumfuernaturkunde.berlin\/en\/general-privacy-notice.<\/p>","protected":false},"author":1,"featured_media":0,"parent":0,"menu_order":0,"comment_status":"closed","ping_status":"closed","template":"","meta":{"_acf_changed":false,"footnotes":""},"class_list":["post-197","page","type-page","status-publish","hentry"],"acf":[],"_links":{"self":[{"href":"https:\/\/publicengagement.berlin\/de\/wp-json\/wp\/v2\/pages\/197","targetHints":{"allow":["GET"]}}],"collection":[{"href":"https:\/\/publicengagement.berlin\/de\/wp-json\/wp\/v2\/pages"}],"about":[{"href":"https:\/\/publicengagement.berlin\/de\/wp-json\/wp\/v2\/types\/page"}],"author":[{"embeddable":true,"href":"https:\/\/publicengagement.berlin\/de\/wp-json\/wp\/v2\/users\/1"}],"replies":[{"embeddable":true,"href":"https:\/\/publicengagement.berlin\/de\/wp-json\/wp\/v2\/comments?post=197"}],"version-history":[{"count":5,"href":"https:\/\/publicengagement.berlin\/de\/wp-json\/wp\/v2\/pages\/197\/revisions"}],"predecessor-version":[{"id":2649,"href":"https:\/\/publicengagement.berlin\/de\/wp-json\/wp\/v2\/pages\/197\/revisions\/2649"}],"wp:attachment":[{"href":"https:\/\/publicengagement.berlin\/de\/wp-json\/wp\/v2\/media?parent=197"}],"curies":[{"name":"wp","href":"https:\/\/api.w.org\/{rel}","templated":true}]}}