{"id":188,"date":"2025-01-29T18:40:38","date_gmt":"2025-01-29T17:40:38","guid":{"rendered":"https:\/\/publicengagement.berlin\/?page_id=188"},"modified":"2025-03-26T19:10:20","modified_gmt":"2025-03-26T18:10:20","slug":"cookies","status":"publish","type":"page","link":"https:\/\/publicengagement.berlin\/de\/cookies\/","title":{"rendered":"Cookies"},"content":{"rendered":"<div data-elementor-type=\"wp-post\" data-elementor-id=\"188\" class=\"elementor elementor-188\" data-elementor-post-type=\"page\">\n\t\t\t\t<div class=\"elementor-element elementor-element-71db515 e-flex e-con-boxed e-con e-parent\" data-id=\"71db515\" data-element_type=\"container\" data-e-type=\"container\">\n\t\t\t\t\t<div class=\"e-con-inner\">\n\t\t<div class=\"elementor-element elementor-element-0782bcf e-con-full e-flex e-con e-child\" data-id=\"0782bcf\" data-element_type=\"container\" data-e-type=\"container\">\n\t\t\t\t<div class=\"elementor-element elementor-element-0f7ff91 elementor-widget elementor-widget-heading\" data-id=\"0f7ff91\" data-element_type=\"widget\" data-e-type=\"widget\" data-widget_type=\"heading.default\">\n\t\t\t\t<div class=\"elementor-widget-container\">\n\t\t\t\t\t<h1 class=\"elementor-heading-title elementor-size-default\">Cookies<\/h1>\t\t\t\t<\/div>\n\t\t\t\t<\/div>\n\t\t\t\t<div class=\"elementor-element elementor-element-1fe702a elementor-widget__width-initial elementor-widget elementor-widget-text-editor\" data-id=\"1fe702a\" data-element_type=\"widget\" data-e-type=\"widget\" data-widget_type=\"text-editor.default\">\n\t\t\t\t<div class=\"elementor-widget-container\">\n\t\t\t\t\t\t\t\t\t<p><span style=\"font-weight: 400;\">Auf unserer Webseite nutzen wir Cookies und binden Inhalte Dritter wie z. B. Videos ein. Cookies dienen Ihnen dazu, das Anzeigen von Inhalten Dritter und das statistische Erfassen Ihres Besuches auf unserer Webseite zu erlauben. Au\u00dferdem erm\u00f6glichen Cookies essenzielle Funktionen der Webseite. Hier k\u00f6nnen Sie einstellen, welche Funktionen Sie zulassen.<\/span><\/p><p class=\"translation-block\">Mehr dazu k\u00f6nnen Sie in unserer <a href=\"https:\/\/publicengagement.berlin\/de\/privacy-policy\/\" target=\"_blank\" rel=\"noopener\">Datenschutzerkl\u00e4rung<\/a> nachlesen.<\/p>\t\t\t\t\t\t\t\t<\/div>\n\t\t\t\t<\/div>\n\t\t\t\t<\/div>\n\t\t\t\t\t<\/div>\n\t\t\t\t<\/div>\n\t\t<div class=\"elementor-element elementor-element-772ea84 e-flex e-con-boxed e-con e-parent\" data-id=\"772ea84\" data-element_type=\"container\" data-e-type=\"container\">\n\t\t\t\t\t<div class=\"e-con-inner\">\n\t\t\t\t<div class=\"elementor-element elementor-element-6085043 elementor-widget elementor-widget-heading\" data-id=\"6085043\" data-element_type=\"widget\" data-e-type=\"widget\" data-widget_type=\"heading.default\">\n\t\t\t\t<div class=\"elementor-widget-container\">\n\t\t\t\t\t<h3 class=\"elementor-heading-title elementor-size-default\">Essenziell<\/h3>\t\t\t\t<\/div>\n\t\t\t\t<\/div>\n\t\t\t\t<div class=\"elementor-element elementor-element-2d1fcee elementor-widget__width-initial elementor-widget elementor-widget-text-editor\" data-id=\"2d1fcee\" data-element_type=\"widget\" data-e-type=\"widget\" data-widget_type=\"text-editor.default\">\n\t\t\t\t<div class=\"elementor-widget-container\">\n\t\t\t\t\t\t\t\t\t<p>Diese Cookies sind notwendig, um die Webseite nutzen zu k\u00f6nnen.<\/p>\t\t\t\t\t\t\t\t<\/div>\n\t\t\t\t<\/div>\n\t\t\t\t\t<\/div>\n\t\t\t\t<\/div>\n\t\t<div class=\"elementor-element elementor-element-59f1ba1 e-flex e-con-boxed e-con e-parent\" data-id=\"59f1ba1\" data-element_type=\"container\" data-e-type=\"container\">\n\t\t\t\t\t<div class=\"e-con-inner\">\n\t\t\t\t<div class=\"elementor-element elementor-element-636c981 elementor-widget elementor-widget-heading\" data-id=\"636c981\" data-element_type=\"widget\" data-e-type=\"widget\" data-widget_type=\"heading.default\">\n\t\t\t\t<div class=\"elementor-widget-container\">\n\t\t\t\t\t<h3 class=\"elementor-heading-title elementor-size-default\">Tracking<\/h3>\t\t\t\t<\/div>\n\t\t\t\t<\/div>\n\t\t\t\t<div class=\"elementor-element elementor-element-49a9fae elementor-widget__width-initial elementor-widget elementor-widget-text-editor\" data-id=\"49a9fae\" data-element_type=\"widget\" data-e-type=\"widget\" data-widget_type=\"text-editor.default\">\n\t\t\t\t<div class=\"elementor-widget-container\">\n\t\t\t\t\t\t\t\t\t<p><span style=\"font-weight: 400;\">Wir nutzen Matomo, um das Nutzerverhalten in einer Statistik zu erfassen. Dies erlaubt uns, das Nutzerverhalten zu analysieren, um unsere Webseite st\u00e4ndig zu verbessern.<\/span><\/p>\t\t\t\t\t\t\t\t<\/div>\n\t\t\t\t<\/div>\n\t\t\t\t\t<\/div>\n\t\t\t\t<\/div>\n\t\t<div class=\"elementor-element elementor-element-cf4f6e4 e-flex e-con-boxed e-con e-parent\" data-id=\"cf4f6e4\" data-element_type=\"container\" data-e-type=\"container\">\n\t\t\t\t\t<div class=\"e-con-inner\">\n\t\t\t\t<div class=\"elementor-element elementor-element-be48b5a elementor-widget elementor-widget-heading\" data-id=\"be48b5a\" data-element_type=\"widget\" data-e-type=\"widget\" data-widget_type=\"heading.default\">\n\t\t\t\t<div class=\"elementor-widget-container\">\n\t\t\t\t\t<h3 class=\"elementor-heading-title elementor-size-default\">Youtube<\/h3>\t\t\t\t<\/div>\n\t\t\t\t<\/div>\n\t\t\t\t<div class=\"elementor-element elementor-element-efe9a93 elementor-widget__width-initial elementor-widget elementor-widget-text-editor\" data-id=\"efe9a93\" data-element_type=\"widget\" data-e-type=\"widget\" data-widget_type=\"text-editor.default\">\n\t\t\t\t<div class=\"elementor-widget-container\">\n\t\t\t\t\t\t\t\t\t<p><span style=\"font-weight: 400;\">Wir binden Inhalte von Youtube, wie z. B. Videos, auf unserer Webseite ein. Diese Inhalte erg\u00e4nzen die Informationen auf der jeweiligen Seite. Wenn Sie diese Option aktivieren, wird ein Cookie gesetzt, mit dem Sie erlauben, dass automatisch Inhalte von Youtube geladen werden. Dadurch k\u00f6nnen personenbezogene Daten an Youtube \u00fcbertragen werden, als w\u00fcrden Sie die Webseite von Youtube direkt besuchen.<\/span><\/p>\t\t\t\t\t\t\t\t<\/div>\n\t\t\t\t<\/div>\n\t\t\t\t\t<\/div>\n\t\t\t\t<\/div>\n\t\t<div class=\"elementor-element elementor-element-4871d68 e-flex e-con-boxed e-con e-parent\" data-id=\"4871d68\" data-element_type=\"container\" data-e-type=\"container\">\n\t\t\t\t\t<div class=\"e-con-inner\">\n\t\t\t\t<div class=\"elementor-element elementor-element-c360bed elementor-widget elementor-widget-heading\" data-id=\"c360bed\" data-element_type=\"widget\" data-e-type=\"widget\" data-widget_type=\"heading.default\">\n\t\t\t\t<div class=\"elementor-widget-container\">\n\t\t\t\t\t<h3 class=\"elementor-heading-title elementor-size-default\">Funktionale Cookies<\/h3>\t\t\t\t<\/div>\n\t\t\t\t<\/div>\n\t\t\t\t<div class=\"elementor-element elementor-element-bdcec66 elementor-widget__width-initial elementor-widget elementor-widget-text-editor\" data-id=\"bdcec66\" data-element_type=\"widget\" data-e-type=\"widget\" data-widget_type=\"text-editor.default\">\n\t\t\t\t<div class=\"elementor-widget-container\">\n\t\t\t\t\t\t\t\t\t<p><span style=\"font-weight: 400;\">Diese Cookies erm\u00f6glichen es der Website, eine verbesserte Funktionalit\u00e4t und Personalisierung zu bieten (z. B. merken wir uns, wenn Sie Hinweise der Seite als gelesen markiert haben und zeigen sie nicht erneut an). Das Deaktivieren beeintr\u00e4chtigt die Funktionalit\u00e4t der Seite nicht.<\/span><\/p>\t\t\t\t\t\t\t\t<\/div>\n\t\t\t\t<\/div>\n\t\t\t\t\t<\/div>\n\t\t\t\t<\/div>\n\t\t\t\t<\/div>","protected":false},"excerpt":{"rendered":"<p>Cookies On our website, we use cookies and embed third party content such as videos. Cookies are used to allow you to view third-party content and to collect statistics about your visit to our website. Cookies also enable essential website functions. Below you can choose to opt-out of specific functions. You can read more about [&hellip;]<\/p>\n","protected":false},"author":1,"featured_media":0,"parent":0,"menu_order":0,"comment_status":"closed","ping_status":"closed","template":"","meta":{"_acf_changed":false,"footnotes":""},"class_list":["post-188","page","type-page","status-publish","hentry"],"acf":[],"_links":{"self":[{"href":"https:\/\/publicengagement.berlin\/de\/wp-json\/wp\/v2\/pages\/188","targetHints":{"allow":["GET"]}}],"collection":[{"href":"https:\/\/publicengagement.berlin\/de\/wp-json\/wp\/v2\/pages"}],"about":[{"href":"https:\/\/publicengagement.berlin\/de\/wp-json\/wp\/v2\/types\/page"}],"author":[{"embeddable":true,"href":"https:\/\/publicengagement.berlin\/de\/wp-json\/wp\/v2\/users\/1"}],"replies":[{"embeddable":true,"href":"https:\/\/publicengagement.berlin\/de\/wp-json\/wp\/v2\/comments?post=188"}],"version-history":[{"count":5,"href":"https:\/\/publicengagement.berlin\/de\/wp-json\/wp\/v2\/pages\/188\/revisions"}],"predecessor-version":[{"id":2285,"href":"https:\/\/publicengagement.berlin\/de\/wp-json\/wp\/v2\/pages\/188\/revisions\/2285"}],"wp:attachment":[{"href":"https:\/\/publicengagement.berlin\/de\/wp-json\/wp\/v2\/media?parent=188"}],"curies":[{"name":"wp","href":"https:\/\/api.w.org\/{rel}","templated":true}]}}